{"id":1585,"date":"2023-08-03T10:26:50","date_gmt":"2023-08-03T10:26:50","guid":{"rendered":"https:\/\/jobhunter.hr\/poslovi\/"},"modified":"2023-09-05T08:31:51","modified_gmt":"2023-09-05T08:31:51","slug":"poslovi","status":"publish","type":"page","link":"https:\/\/jobhunter-eu.com\/xk\/poslovi\/","title":{"rendered":"Poslovi u HR"},"content":{"rendered":"\t\t<div data-elementor-type=\"wp-page\" data-elementor-id=\"1585\" class=\"elementor elementor-1585\">\n\t\t\t\t\t\t<section class=\"elementor-section elementor-top-section elementor-element elementor-element-2331aa00 elementor-section-boxed elementor-section-height-default elementor-section-height-default\" data-id=\"2331aa00\" data-element_type=\"section\">\n\t\t\t\t\t\t<div class=\"elementor-container elementor-column-gap-default\">\n\t\t\t\t\t<div class=\"elementor-column elementor-col-100 elementor-top-column elementor-element elementor-element-10d638f2\" data-id=\"10d638f2\" data-element_type=\"column\">\n\t\t\t<div class=\"elementor-widget-wrap elementor-element-populated\">\n\t\t\t\t\t\t<div class=\"elementor-element elementor-element-75251e3 elementor-widget elementor-widget-theme-site-logo elementor-widget-image\" data-id=\"75251e3\" data-element_type=\"widget\" data-widget_type=\"theme-site-logo.default\">\n\t\t\t\t<div class=\"elementor-widget-container\">\n\t\t\t<style>\/*! elementor - v3.23.0 - 05-08-2024 *\/\n.elementor-widget-image{text-align:center}.elementor-widget-image a{display:inline-block}.elementor-widget-image a img[src$=\".svg\"]{width:48px}.elementor-widget-image img{vertical-align:middle;display:inline-block}<\/style>\t\t\t\t\t\t\t\t\t\t\t<a href=\"https:\/\/jobhunter-eu.com\/xk\">\n\t\t\t\t\t\t\t<img fetchpriority=\"high\" decoding=\"async\" width=\"1242\" height=\"383\" src=\"https:\/\/jobhunter-eu.com\/xk\/wp-content\/uploads\/2022\/05\/cropped-logo2.png\" class=\"attachment-full size-full wp-image-457\" alt=\"\" srcset=\"https:\/\/jobhunter-eu.com\/xk\/wp-content\/uploads\/2022\/05\/cropped-logo2.png 1242w, https:\/\/jobhunter-eu.com\/xk\/wp-content\/uploads\/2022\/05\/cropped-logo2-300x93.png 300w, https:\/\/jobhunter-eu.com\/xk\/wp-content\/uploads\/2022\/05\/cropped-logo2-1024x316.png 1024w, https:\/\/jobhunter-eu.com\/xk\/wp-content\/uploads\/2022\/05\/cropped-logo2-768x237.png 768w\" sizes=\"(max-width: 1242px) 100vw, 1242px\" \/>\t\t\t\t\t\t\t\t<\/a>\n\t\t\t\t\t\t\t\t\t\t\t\t\t<\/div>\n\t\t\t\t<\/div>\n\t\t\t\t<div class=\"elementor-element elementor-element-bc0d72e elementor-widget elementor-widget-heading\" data-id=\"bc0d72e\" data-element_type=\"widget\" data-widget_type=\"heading.default\">\n\t\t\t\t<div class=\"elementor-widget-container\">\n\t\t\t<style>\/*! elementor - v3.23.0 - 05-08-2024 *\/\n.elementor-heading-title{padding:0;margin:0;line-height:1}.elementor-widget-heading .elementor-heading-title[class*=elementor-size-]>a{color:inherit;font-size:inherit;line-height:inherit}.elementor-widget-heading .elementor-heading-title.elementor-size-small{font-size:15px}.elementor-widget-heading .elementor-heading-title.elementor-size-medium{font-size:19px}.elementor-widget-heading .elementor-heading-title.elementor-size-large{font-size:29px}.elementor-widget-heading .elementor-heading-title.elementor-size-xl{font-size:39px}.elementor-widget-heading .elementor-heading-title.elementor-size-xxl{font-size:59px}<\/style><h2 class=\"elementor-heading-title elementor-size-default\">Gjeni nj\u00eb pun\u00eb p\u00ebr ju!<\/h2>\t\t<\/div>\n\t\t\t\t<\/div>\n\t\t\t\t<div class=\"elementor-element elementor-element-406b4821 elementor-widget elementor-widget-shortcode\" data-id=\"406b4821\" data-element_type=\"widget\" data-widget_type=\"shortcode.default\">\n\t\t\t\t<div class=\"elementor-widget-container\">\n\t\t\t\t\t<div class=\"elementor-shortcode\"><div class=\"job_listings\" data-location=\"\" data-keywords=\"\" data-show_filters=\"true\" data-show_pagination=\"false\" data-per_page=\"25\" data-orderby=\"featured\" data-order=\"DESC\" data-categories=\"\" data-disable-form-state-storage=\"\" data-featured_first=\"false\" data-post_id=\"1585\" >\n<form class=\"job_filters\">\n\t\n\t<div class=\"search_jobs\">\n\t\t\n\t\t<div class=\"search_keywords\">\n\t\t\t<label for=\"search_keywords\">Keywords<\/label>\n\t\t\t<input type=\"text\" name=\"search_keywords\" id=\"search_keywords\" placeholder=\"Keywords\" value=\"\" \/>\n\t\t<\/div>\n\n\t\t<div class=\"search_location\">\n\t\t\t<label for=\"search_location\">Location<\/label>\n\t\t\t<input type=\"text\" name=\"search_location\" id=\"search_location\" placeholder=\"Location\" value=\"\" \/>\n\t\t<\/div>\n\n\t\t\t\t\t<div class=\"search_remote_position\">\n\t\t\t\t<input type=\"checkbox\" class=\"input-checkbox\" name=\"remote_position\" id=\"remote_position\" placeholder=\"Location\" value=\"1\"  \/>\n\t\t\t\t<label for=\"remote_position\" id=\"remote_position_label\">Remote positions only<\/label>\n\t\t\t<\/div>\n\t\t\n\t\t<div style=\"clear: both\"><\/div>\n\n\t\t\n\t\t\t\t\t<div class=\"search_submit\">\n\t\t\t\t<input type=\"submit\" value=\"Search Jobs\">\n\t\t\t<\/div>\n\t\t\n\t\t\t<\/div>\n\n\t\t<ul class=\"job_types\">\n\t\t\t\t\t<li><label for=\"job_type_part-time\" class=\"loan\"><input type=\"checkbox\" name=\"filter_job_type[]\" value=\"part-time\"  checked='checked' id=\"job_type_part-time\" \/> Loan<\/label><\/li>\n\t\t\t\t\t<li><label for=\"job_type_full-time\" class=\"seasonal\"><input type=\"checkbox\" name=\"filter_job_type[]\" value=\"full-time\"  checked='checked' id=\"job_type_full-time\" \/> Seasonal<\/label><\/li>\n\t\t\t\t\t<li><label for=\"job_type_temporary\" class=\"temporary-job\"><input type=\"checkbox\" name=\"filter_job_type[]\" value=\"temporary\"  checked='checked' id=\"job_type_temporary\" \/> Temporary job<\/label><\/li>\n\t\t\t<\/ul>\n\t<input type=\"hidden\" name=\"filter_job_type[]\" value=\"\" \/>\n<div class=\"showing_jobs\"><\/div><\/form>\n\n\n<noscript>Your browser does not support JavaScript, or it is disabled. JavaScript must be enabled in order to view listings.<\/noscript>\n<ul class=\"job_listings\">\n<\/ul>\n<a class=\"load_more_jobs\" href=\"#\" style=\"display:none;\"><strong>Load more listings<\/strong><\/a><\/div><\/div>\n\t\t\t\t<\/div>\n\t\t\t\t<\/div>\n\t\t\t\t\t<\/div>\n\t\t<\/div>\n\t\t\t\t\t<\/div>\n\t\t<\/section>\n\t\t\t\t<\/div>\n\t\t","protected":false},"excerpt":{"rendered":"<p>Gjeni nj\u00eb pun\u00eb p\u00ebr ju!<\/p>\n","protected":false},"author":3,"featured_media":0,"parent":0,"menu_order":0,"comment_status":"closed","ping_status":"closed","template":"elementor_header_footer","meta":{"footnotes":""},"class_list":["post-1585","page","type-page","status-publish","hentry"],"yoast_head":"<!-- This site is optimized with the Yoast SEO plugin v27.3 - https:\/\/yoast.com\/product\/yoast-seo-wordpress\/ -->\n<title>Poslovi u HR - Job Hunter<\/title>\n<meta name=\"robots\" content=\"index, follow, max-snippet:-1, max-image-preview:large, max-video-preview:-1\" \/>\n<link rel=\"canonical\" href=\"https:\/\/jobhunter-eu.com\/xk\/poslovi\/\" \/>\n<meta property=\"og:locale\" content=\"en_US\" \/>\n<meta property=\"og:type\" content=\"article\" \/>\n<meta property=\"og:title\" content=\"Poslovi u HR - Job Hunter\" \/>\n<meta property=\"og:description\" content=\"Gjeni nj\u00eb pun\u00eb p\u00ebr ju!\" \/>\n<meta property=\"og:url\" content=\"https:\/\/jobhunter-eu.com\/xk\/poslovi\/\" \/>\n<meta property=\"og:site_name\" content=\"Job Hunter\" \/>\n<meta property=\"article:modified_time\" content=\"2023-09-05T08:31:51+00:00\" \/>\n<meta name=\"twitter:card\" content=\"summary_large_image\" \/>\n<script type=\"application\/ld+json\" class=\"yoast-schema-graph\">{\"@context\":\"https:\\\/\\\/schema.org\",\"@graph\":[{\"@type\":\"WebPage\",\"@id\":\"https:\\\/\\\/jobhunter-eu.com\\\/xk\\\/poslovi\\\/\",\"url\":\"https:\\\/\\\/jobhunter-eu.com\\\/xk\\\/poslovi\\\/\",\"name\":\"Poslovi u HR - Job Hunter\",\"isPartOf\":{\"@id\":\"https:\\\/\\\/jobhunter-eu.com\\\/xk\\\/#website\"},\"datePublished\":\"2023-08-03T10:26:50+00:00\",\"dateModified\":\"2023-09-05T08:31:51+00:00\",\"breadcrumb\":{\"@id\":\"https:\\\/\\\/jobhunter-eu.com\\\/xk\\\/poslovi\\\/#breadcrumb\"},\"inLanguage\":\"en-US\",\"potentialAction\":[{\"@type\":\"ReadAction\",\"target\":[\"https:\\\/\\\/jobhunter-eu.com\\\/xk\\\/poslovi\\\/\"]}]},{\"@type\":\"BreadcrumbList\",\"@id\":\"https:\\\/\\\/jobhunter-eu.com\\\/xk\\\/poslovi\\\/#breadcrumb\",\"itemListElement\":[{\"@type\":\"ListItem\",\"position\":1,\"name\":\"Po\u010detna stranica\",\"item\":\"https:\\\/\\\/jobhunter-eu.com\\\/xk\\\/\"},{\"@type\":\"ListItem\",\"position\":2,\"name\":\"Poslovi u HR\"}]},{\"@type\":\"WebSite\",\"@id\":\"https:\\\/\\\/jobhunter-eu.com\\\/xk\\\/#website\",\"url\":\"https:\\\/\\\/jobhunter-eu.com\\\/xk\\\/\",\"name\":\"Job Hunter\",\"description\":\"Employment of foreign workers\",\"publisher\":{\"@id\":\"https:\\\/\\\/jobhunter-eu.com\\\/xk\\\/#organization\"},\"potentialAction\":[{\"@type\":\"SearchAction\",\"target\":{\"@type\":\"EntryPoint\",\"urlTemplate\":\"https:\\\/\\\/jobhunter-eu.com\\\/xk\\\/?s={search_term_string}\"},\"query-input\":{\"@type\":\"PropertyValueSpecification\",\"valueRequired\":true,\"valueName\":\"search_term_string\"}}],\"inLanguage\":\"en-US\"},{\"@type\":\"Organization\",\"@id\":\"https:\\\/\\\/jobhunter-eu.com\\\/xk\\\/#organization\",\"name\":\"Dmytro | Agencija za zapo\u0161ljavanje stranih radnika\",\"url\":\"https:\\\/\\\/jobhunter-eu.com\\\/xk\\\/\",\"logo\":{\"@type\":\"ImageObject\",\"inLanguage\":\"en-US\",\"@id\":\"https:\\\/\\\/jobhunter-eu.com\\\/xk\\\/#\\\/schema\\\/logo\\\/image\\\/\",\"url\":\"https:\\\/\\\/jobhunter-eu.com\\\/xk\\\/wp-content\\\/uploads\\\/2022\\\/05\\\/logo2.png\",\"contentUrl\":\"https:\\\/\\\/jobhunter-eu.com\\\/xk\\\/wp-content\\\/uploads\\\/2022\\\/05\\\/logo2.png\",\"width\":1242,\"height\":383,\"caption\":\"Dmytro | Agencija za zapo\u0161ljavanje stranih radnika\"},\"image\":{\"@id\":\"https:\\\/\\\/jobhunter-eu.com\\\/xk\\\/#\\\/schema\\\/logo\\\/image\\\/\"}}]}<\/script>\n<!-- \/ Yoast SEO plugin. -->","yoast_head_json":{"title":"Poslovi u HR - Job Hunter","robots":{"index":"index","follow":"follow","max-snippet":"max-snippet:-1","max-image-preview":"max-image-preview:large","max-video-preview":"max-video-preview:-1"},"canonical":"https:\/\/jobhunter-eu.com\/xk\/poslovi\/","og_locale":"en_US","og_type":"article","og_title":"Poslovi u HR - Job Hunter","og_description":"Gjeni nj\u00eb pun\u00eb p\u00ebr ju!","og_url":"https:\/\/jobhunter-eu.com\/xk\/poslovi\/","og_site_name":"Job Hunter","article_modified_time":"2023-09-05T08:31:51+00:00","twitter_card":"summary_large_image","schema":{"@context":"https:\/\/schema.org","@graph":[{"@type":"WebPage","@id":"https:\/\/jobhunter-eu.com\/xk\/poslovi\/","url":"https:\/\/jobhunter-eu.com\/xk\/poslovi\/","name":"Poslovi u HR - Job Hunter","isPartOf":{"@id":"https:\/\/jobhunter-eu.com\/xk\/#website"},"datePublished":"2023-08-03T10:26:50+00:00","dateModified":"2023-09-05T08:31:51+00:00","breadcrumb":{"@id":"https:\/\/jobhunter-eu.com\/xk\/poslovi\/#breadcrumb"},"inLanguage":"en-US","potentialAction":[{"@type":"ReadAction","target":["https:\/\/jobhunter-eu.com\/xk\/poslovi\/"]}]},{"@type":"BreadcrumbList","@id":"https:\/\/jobhunter-eu.com\/xk\/poslovi\/#breadcrumb","itemListElement":[{"@type":"ListItem","position":1,"name":"Po\u010detna stranica","item":"https:\/\/jobhunter-eu.com\/xk\/"},{"@type":"ListItem","position":2,"name":"Poslovi u HR"}]},{"@type":"WebSite","@id":"https:\/\/jobhunter-eu.com\/xk\/#website","url":"https:\/\/jobhunter-eu.com\/xk\/","name":"Job Hunter","description":"Employment of foreign workers","publisher":{"@id":"https:\/\/jobhunter-eu.com\/xk\/#organization"},"potentialAction":[{"@type":"SearchAction","target":{"@type":"EntryPoint","urlTemplate":"https:\/\/jobhunter-eu.com\/xk\/?s={search_term_string}"},"query-input":{"@type":"PropertyValueSpecification","valueRequired":true,"valueName":"search_term_string"}}],"inLanguage":"en-US"},{"@type":"Organization","@id":"https:\/\/jobhunter-eu.com\/xk\/#organization","name":"Dmytro | Agencija za zapo\u0161ljavanje stranih radnika","url":"https:\/\/jobhunter-eu.com\/xk\/","logo":{"@type":"ImageObject","inLanguage":"en-US","@id":"https:\/\/jobhunter-eu.com\/xk\/#\/schema\/logo\/image\/","url":"https:\/\/jobhunter-eu.com\/xk\/wp-content\/uploads\/2022\/05\/logo2.png","contentUrl":"https:\/\/jobhunter-eu.com\/xk\/wp-content\/uploads\/2022\/05\/logo2.png","width":1242,"height":383,"caption":"Dmytro | Agencija za zapo\u0161ljavanje stranih radnika"},"image":{"@id":"https:\/\/jobhunter-eu.com\/xk\/#\/schema\/logo\/image\/"}}]}},"_links":{"self":[{"href":"https:\/\/jobhunter-eu.com\/xk\/wp-json\/wp\/v2\/pages\/1585","targetHints":{"allow":["GET"]}}],"collection":[{"href":"https:\/\/jobhunter-eu.com\/xk\/wp-json\/wp\/v2\/pages"}],"about":[{"href":"https:\/\/jobhunter-eu.com\/xk\/wp-json\/wp\/v2\/types\/page"}],"author":[{"embeddable":true,"href":"https:\/\/jobhunter-eu.com\/xk\/wp-json\/wp\/v2\/users\/3"}],"replies":[{"embeddable":true,"href":"https:\/\/jobhunter-eu.com\/xk\/wp-json\/wp\/v2\/comments?post=1585"}],"version-history":[{"count":13,"href":"https:\/\/jobhunter-eu.com\/xk\/wp-json\/wp\/v2\/pages\/1585\/revisions"}],"predecessor-version":[{"id":1851,"href":"https:\/\/jobhunter-eu.com\/xk\/wp-json\/wp\/v2\/pages\/1585\/revisions\/1851"}],"wp:attachment":[{"href":"https:\/\/jobhunter-eu.com\/xk\/wp-json\/wp\/v2\/media?parent=1585"}],"curies":[{"name":"wp","href":"https:\/\/api.w.org\/{rel}","templated":true}]}}