{"id":706,"date":"2022-08-20T22:52:09","date_gmt":"2022-08-20T22:52:09","guid":{"rendered":"https:\/\/jobhunter.hr\/?page_id=706"},"modified":"2022-09-05T10:45:41","modified_gmt":"2022-09-05T10:45:41","slug":"impressum","status":"publish","type":"page","link":"https:\/\/jobhunter-eu.com\/rs\/impressum\/","title":{"rendered":"Impressum"},"content":{"rendered":"\t\t<div data-elementor-type=\"wp-page\" data-elementor-id=\"706\" class=\"elementor elementor-706\">\n\t\t\t\t\t\t<section class=\"elementor-section elementor-top-section elementor-element elementor-element-712e0b20 elementor-section-boxed elementor-section-height-default elementor-section-height-default\" data-id=\"712e0b20\" data-element_type=\"section\">\n\t\t\t\t\t\t<div class=\"elementor-container elementor-column-gap-default\">\n\t\t\t\t\t<div class=\"elementor-column elementor-col-100 elementor-top-column elementor-element elementor-element-3904c9cb\" data-id=\"3904c9cb\" data-element_type=\"column\">\n\t\t\t<div class=\"elementor-widget-wrap elementor-element-populated\">\n\t\t\t\t\t\t<div class=\"elementor-element elementor-element-5d5aefb3 elementor-widget elementor-widget-text-editor\" data-id=\"5d5aefb3\" data-element_type=\"widget\" data-widget_type=\"text-editor.default\">\n\t\t\t\t<div class=\"elementor-widget-container\">\n\t\t\t<style>\/*! elementor - v3.23.0 - 05-08-2024 *\/\n.elementor-widget-text-editor.elementor-drop-cap-view-stacked .elementor-drop-cap{background-color:#69727d;color:#fff}.elementor-widget-text-editor.elementor-drop-cap-view-framed .elementor-drop-cap{color:#69727d;border:3px solid;background-color:transparent}.elementor-widget-text-editor:not(.elementor-drop-cap-view-default) .elementor-drop-cap{margin-top:8px}.elementor-widget-text-editor:not(.elementor-drop-cap-view-default) .elementor-drop-cap-letter{width:1em;height:1em}.elementor-widget-text-editor .elementor-drop-cap{float:left;text-align:center;line-height:1;font-size:50px}.elementor-widget-text-editor .elementor-drop-cap-letter{display:inline-block}<\/style>\t\t\t\t<!-- wp:paragraph {\"align\":\"center\"} -->\n<p class=\"has-text-align-center\"><strong>OP\u0106E INFORMACIJE<\/strong><\/p>\n<!-- \/wp:paragraph -->\n\n<!-- wp:paragraph -->\n<p><strong>NAZIV<\/strong>: Job Hunter j.d.o.o.<\/p>\n<!-- \/wp:paragraph -->\n\n<!-- wp:paragraph -->\n<p><strong>ADRESA SJEDI\u0160TA: <\/strong>Vinkova\u010dka 1\/c, 44320 Kutina<\/p>\n<!-- \/wp:paragraph -->\n\n<!-- wp:paragraph -->\n<p><strong>OIB<\/strong>: 60083522287<\/p>\n<!-- \/wp:paragraph -->\n\n<!-- wp:paragraph -->\n<p><strong>MBS<\/strong>: 081444337<\/p>\n<!-- \/wp:paragraph -->\n\n<!-- wp:paragraph -->\n<p><strong>OSOBA OVLA\u0160TENA ZA ZASTUPANJE:<\/strong> Manuela Vukeli\u0107<\/p>\n<!-- \/wp:paragraph -->\n\n<!-- wp:paragraph -->\n<p><strong>BROJ TELEFONA: <\/strong>+385 91 27 77 710<\/p>\n<!-- \/wp:paragraph -->\n\n<!-- wp:paragraph -->\n<p><strong>ADRESA ELEKTRONI\u010cKE PO\u0160TE: <\/strong>info@jobhunter.hr<\/p>\n<!-- \/wp:paragraph -->\t\t\t\t\t\t<\/div>\n\t\t\t\t<\/div>\n\t\t\t\t\t<\/div>\n\t\t<\/div>\n\t\t\t\t\t<\/div>\n\t\t<\/section>\n\t\t\t\t<section class=\"elementor-section elementor-top-section elementor-element elementor-element-b55e5a2 elementor-section-boxed elementor-section-height-default elementor-section-height-default\" data-id=\"b55e5a2\" data-element_type=\"section\">\n\t\t\t\t\t\t<div class=\"elementor-container elementor-column-gap-default\">\n\t\t\t\t\t<div class=\"elementor-column elementor-col-100 elementor-top-column elementor-element elementor-element-5271f8a\" data-id=\"5271f8a\" data-element_type=\"column\">\n\t\t\t<div class=\"elementor-widget-wrap elementor-element-populated\">\n\t\t\t\t\t\t<div class=\"elementor-element elementor-element-31fbd0b elementor-widget elementor-widget-image\" data-id=\"31fbd0b\" data-element_type=\"widget\" data-widget_type=\"image.default\">\n\t\t\t\t<div class=\"elementor-widget-container\">\n\t\t\t<style>\/*! elementor - v3.23.0 - 05-08-2024 *\/\n.elementor-widget-image{text-align:center}.elementor-widget-image a{display:inline-block}.elementor-widget-image a img[src$=\".svg\"]{width:48px}.elementor-widget-image img{vertical-align:middle;display:inline-block}<\/style>\t\t\t\t\t\t\t\t\t\t<img fetchpriority=\"high\" decoding=\"async\" width=\"800\" height=\"341\" src=\"https:\/\/jobhunter-eu.com\/rs\/wp-content\/uploads\/2022\/04\/WhatsApp-Image-2022-08-20-at-19.04.06-1024x437.jpeg\" class=\"attachment-large size-large wp-image-689\" alt=\"\" srcset=\"https:\/\/jobhunter-eu.com\/rs\/wp-content\/uploads\/2022\/04\/WhatsApp-Image-2022-08-20-at-19.04.06-1024x437.jpeg 1024w, https:\/\/jobhunter-eu.com\/rs\/wp-content\/uploads\/2022\/04\/WhatsApp-Image-2022-08-20-at-19.04.06-300x128.jpeg 300w, https:\/\/jobhunter-eu.com\/rs\/wp-content\/uploads\/2022\/04\/WhatsApp-Image-2022-08-20-at-19.04.06-768x328.jpeg 768w, https:\/\/jobhunter-eu.com\/rs\/wp-content\/uploads\/2022\/04\/WhatsApp-Image-2022-08-20-at-19.04.06-1536x656.jpeg 1536w, https:\/\/jobhunter-eu.com\/rs\/wp-content\/uploads\/2022\/04\/WhatsApp-Image-2022-08-20-at-19.04.06.jpeg 1600w\" sizes=\"(max-width: 800px) 100vw, 800px\" \/>\t\t\t\t\t\t\t\t\t\t\t\t\t<\/div>\n\t\t\t\t<\/div>\n\t\t\t\t\t<\/div>\n\t\t<\/div>\n\t\t\t\t\t<\/div>\n\t\t<\/section>\n\t\t\t\t<\/div>\n\t\t","protected":false},"excerpt":{"rendered":"<p>OP\u0106E INFORMACIJE NAZIV: Job Hunter j.d.o.o. ADRESA SJEDI\u0160TA: Vinkova\u010dka 1\/c, 44320 Kutina OIB: 60083522287 MBS: 081444337 OSOBA OVLA\u0160TENA ZA ZASTUPANJE: Manuela Vukeli\u0107 BROJ TELEFONA: +385 91 27 77 710 ADRESA ELEKTRONI\u010cKE PO\u0160TE: info@jobhunter.hr<\/p>\n","protected":false},"author":3,"featured_media":0,"parent":0,"menu_order":1,"comment_status":"closed","ping_status":"closed","template":"","meta":{"footnotes":""},"class_list":["post-706","page","type-page","status-publish","hentry"],"yoast_head":"<!-- This site is optimized with the Yoast SEO plugin v27.4 - https:\/\/yoast.com\/product\/yoast-seo-wordpress\/ -->\n<title>Impressum - Job Hunter<\/title>\n<meta name=\"robots\" content=\"index, follow, max-snippet:-1, max-image-preview:large, max-video-preview:-1\" \/>\n<link rel=\"canonical\" href=\"https:\/\/jobhunter-eu.com\/rs\/impressum\/\" \/>\n<meta property=\"og:locale\" content=\"hr_HR\" \/>\n<meta property=\"og:type\" content=\"article\" \/>\n<meta property=\"og:title\" content=\"Impressum - Job Hunter\" \/>\n<meta property=\"og:description\" content=\"OP\u0106E INFORMACIJE NAZIV: Job Hunter j.d.o.o. ADRESA SJEDI\u0160TA: Vinkova\u010dka 1\/c, 44320 Kutina OIB: 60083522287 MBS: 081444337 OSOBA OVLA\u0160TENA ZA ZASTUPANJE: Manuela Vukeli\u0107 BROJ TELEFONA: +385 91 27 77 710 ADRESA ELEKTRONI\u010cKE PO\u0160TE: info@jobhunter.hr\" \/>\n<meta property=\"og:url\" content=\"https:\/\/jobhunter-eu.com\/rs\/impressum\/\" \/>\n<meta property=\"og:site_name\" content=\"Job Hunter\" \/>\n<meta property=\"article:modified_time\" content=\"2022-09-05T10:45:41+00:00\" \/>\n<meta property=\"og:image\" content=\"https:\/\/jobhunter-eu.com\/rs\/wp-content\/uploads\/2022\/04\/WhatsApp-Image-2022-08-20-at-19.04.06-1024x437.jpeg\" \/>\n<meta name=\"twitter:card\" content=\"summary_large_image\" \/>\n<script type=\"application\/ld+json\" class=\"yoast-schema-graph\">{\"@context\":\"https:\\\/\\\/schema.org\",\"@graph\":[{\"@type\":\"WebPage\",\"@id\":\"https:\\\/\\\/jobhunter-eu.com\\\/rs\\\/impressum\\\/\",\"url\":\"https:\\\/\\\/jobhunter-eu.com\\\/rs\\\/impressum\\\/\",\"name\":\"Impressum - Job Hunter\",\"isPartOf\":{\"@id\":\"https:\\\/\\\/jobhunter-eu.com\\\/rs\\\/#website\"},\"primaryImageOfPage\":{\"@id\":\"https:\\\/\\\/jobhunter-eu.com\\\/rs\\\/impressum\\\/#primaryimage\"},\"image\":{\"@id\":\"https:\\\/\\\/jobhunter-eu.com\\\/rs\\\/impressum\\\/#primaryimage\"},\"thumbnailUrl\":\"https:\\\/\\\/jobhunter-eu.com\\\/rs\\\/wp-content\\\/uploads\\\/2022\\\/04\\\/WhatsApp-Image-2022-08-20-at-19.04.06-1024x437.jpeg\",\"datePublished\":\"2022-08-20T22:52:09+00:00\",\"dateModified\":\"2022-09-05T10:45:41+00:00\",\"breadcrumb\":{\"@id\":\"https:\\\/\\\/jobhunter-eu.com\\\/rs\\\/impressum\\\/#breadcrumb\"},\"inLanguage\":\"hr\",\"potentialAction\":[{\"@type\":\"ReadAction\",\"target\":[\"https:\\\/\\\/jobhunter-eu.com\\\/rs\\\/impressum\\\/\"]}]},{\"@type\":\"ImageObject\",\"inLanguage\":\"hr\",\"@id\":\"https:\\\/\\\/jobhunter-eu.com\\\/rs\\\/impressum\\\/#primaryimage\",\"url\":\"https:\\\/\\\/jobhunter-eu.com\\\/rs\\\/wp-content\\\/uploads\\\/2022\\\/04\\\/WhatsApp-Image-2022-08-20-at-19.04.06.jpeg\",\"contentUrl\":\"https:\\\/\\\/jobhunter-eu.com\\\/rs\\\/wp-content\\\/uploads\\\/2022\\\/04\\\/WhatsApp-Image-2022-08-20-at-19.04.06.jpeg\",\"width\":1600,\"height\":683},{\"@type\":\"BreadcrumbList\",\"@id\":\"https:\\\/\\\/jobhunter-eu.com\\\/rs\\\/impressum\\\/#breadcrumb\",\"itemListElement\":[{\"@type\":\"ListItem\",\"position\":1,\"name\":\"Po\u010detna stranica\",\"item\":\"https:\\\/\\\/jobhunter-eu.com\\\/rs\\\/\"},{\"@type\":\"ListItem\",\"position\":2,\"name\":\"Impressum\"}]},{\"@type\":\"WebSite\",\"@id\":\"https:\\\/\\\/jobhunter-eu.com\\\/rs\\\/#website\",\"url\":\"https:\\\/\\\/jobhunter-eu.com\\\/rs\\\/\",\"name\":\"Job Hunter\",\"description\":\"\u0417\u0430\u043f\u043e\u0448\u0459\u0430\u0432\u0430\u045a\u0435 \u0441\u0442\u0440\u0430\u043d\u0438\u0445 \u0440\u0430\u0434\u043d\u0438\u043a\u0430\",\"publisher\":{\"@id\":\"https:\\\/\\\/jobhunter-eu.com\\\/rs\\\/#organization\"},\"potentialAction\":[{\"@type\":\"SearchAction\",\"target\":{\"@type\":\"EntryPoint\",\"urlTemplate\":\"https:\\\/\\\/jobhunter-eu.com\\\/rs\\\/?s={search_term_string}\"},\"query-input\":{\"@type\":\"PropertyValueSpecification\",\"valueRequired\":true,\"valueName\":\"search_term_string\"}}],\"inLanguage\":\"hr\"},{\"@type\":\"Organization\",\"@id\":\"https:\\\/\\\/jobhunter-eu.com\\\/rs\\\/#organization\",\"name\":\"Dmytro | Agencija za zapo\u0161ljavanje stranih radnika\",\"url\":\"https:\\\/\\\/jobhunter-eu.com\\\/rs\\\/\",\"logo\":{\"@type\":\"ImageObject\",\"inLanguage\":\"hr\",\"@id\":\"https:\\\/\\\/jobhunter-eu.com\\\/rs\\\/#\\\/schema\\\/logo\\\/image\\\/\",\"url\":\"https:\\\/\\\/jobhunter-eu.com\\\/rs\\\/wp-content\\\/uploads\\\/2022\\\/05\\\/logo2.png\",\"contentUrl\":\"https:\\\/\\\/jobhunter-eu.com\\\/rs\\\/wp-content\\\/uploads\\\/2022\\\/05\\\/logo2.png\",\"width\":1242,\"height\":383,\"caption\":\"Dmytro | Agencija za zapo\u0161ljavanje stranih radnika\"},\"image\":{\"@id\":\"https:\\\/\\\/jobhunter-eu.com\\\/rs\\\/#\\\/schema\\\/logo\\\/image\\\/\"}}]}<\/script>\n<!-- \/ Yoast SEO plugin. -->","yoast_head_json":{"title":"Impressum - Job Hunter","robots":{"index":"index","follow":"follow","max-snippet":"max-snippet:-1","max-image-preview":"max-image-preview:large","max-video-preview":"max-video-preview:-1"},"canonical":"https:\/\/jobhunter-eu.com\/rs\/impressum\/","og_locale":"hr_HR","og_type":"article","og_title":"Impressum - Job Hunter","og_description":"OP\u0106E INFORMACIJE NAZIV: Job Hunter j.d.o.o. ADRESA SJEDI\u0160TA: Vinkova\u010dka 1\/c, 44320 Kutina OIB: 60083522287 MBS: 081444337 OSOBA OVLA\u0160TENA ZA ZASTUPANJE: Manuela Vukeli\u0107 BROJ TELEFONA: +385 91 27 77 710 ADRESA ELEKTRONI\u010cKE PO\u0160TE: info@jobhunter.hr","og_url":"https:\/\/jobhunter-eu.com\/rs\/impressum\/","og_site_name":"Job Hunter","article_modified_time":"2022-09-05T10:45:41+00:00","og_image":[{"url":"https:\/\/jobhunter-eu.com\/rs\/wp-content\/uploads\/2022\/04\/WhatsApp-Image-2022-08-20-at-19.04.06-1024x437.jpeg","type":"","width":"","height":""}],"twitter_card":"summary_large_image","schema":{"@context":"https:\/\/schema.org","@graph":[{"@type":"WebPage","@id":"https:\/\/jobhunter-eu.com\/rs\/impressum\/","url":"https:\/\/jobhunter-eu.com\/rs\/impressum\/","name":"Impressum - Job Hunter","isPartOf":{"@id":"https:\/\/jobhunter-eu.com\/rs\/#website"},"primaryImageOfPage":{"@id":"https:\/\/jobhunter-eu.com\/rs\/impressum\/#primaryimage"},"image":{"@id":"https:\/\/jobhunter-eu.com\/rs\/impressum\/#primaryimage"},"thumbnailUrl":"https:\/\/jobhunter-eu.com\/rs\/wp-content\/uploads\/2022\/04\/WhatsApp-Image-2022-08-20-at-19.04.06-1024x437.jpeg","datePublished":"2022-08-20T22:52:09+00:00","dateModified":"2022-09-05T10:45:41+00:00","breadcrumb":{"@id":"https:\/\/jobhunter-eu.com\/rs\/impressum\/#breadcrumb"},"inLanguage":"hr","potentialAction":[{"@type":"ReadAction","target":["https:\/\/jobhunter-eu.com\/rs\/impressum\/"]}]},{"@type":"ImageObject","inLanguage":"hr","@id":"https:\/\/jobhunter-eu.com\/rs\/impressum\/#primaryimage","url":"https:\/\/jobhunter-eu.com\/rs\/wp-content\/uploads\/2022\/04\/WhatsApp-Image-2022-08-20-at-19.04.06.jpeg","contentUrl":"https:\/\/jobhunter-eu.com\/rs\/wp-content\/uploads\/2022\/04\/WhatsApp-Image-2022-08-20-at-19.04.06.jpeg","width":1600,"height":683},{"@type":"BreadcrumbList","@id":"https:\/\/jobhunter-eu.com\/rs\/impressum\/#breadcrumb","itemListElement":[{"@type":"ListItem","position":1,"name":"Po\u010detna stranica","item":"https:\/\/jobhunter-eu.com\/rs\/"},{"@type":"ListItem","position":2,"name":"Impressum"}]},{"@type":"WebSite","@id":"https:\/\/jobhunter-eu.com\/rs\/#website","url":"https:\/\/jobhunter-eu.com\/rs\/","name":"Job Hunter","description":"\u0417\u0430\u043f\u043e\u0448\u0459\u0430\u0432\u0430\u045a\u0435 \u0441\u0442\u0440\u0430\u043d\u0438\u0445 \u0440\u0430\u0434\u043d\u0438\u043a\u0430","publisher":{"@id":"https:\/\/jobhunter-eu.com\/rs\/#organization"},"potentialAction":[{"@type":"SearchAction","target":{"@type":"EntryPoint","urlTemplate":"https:\/\/jobhunter-eu.com\/rs\/?s={search_term_string}"},"query-input":{"@type":"PropertyValueSpecification","valueRequired":true,"valueName":"search_term_string"}}],"inLanguage":"hr"},{"@type":"Organization","@id":"https:\/\/jobhunter-eu.com\/rs\/#organization","name":"Dmytro | Agencija za zapo\u0161ljavanje stranih radnika","url":"https:\/\/jobhunter-eu.com\/rs\/","logo":{"@type":"ImageObject","inLanguage":"hr","@id":"https:\/\/jobhunter-eu.com\/rs\/#\/schema\/logo\/image\/","url":"https:\/\/jobhunter-eu.com\/rs\/wp-content\/uploads\/2022\/05\/logo2.png","contentUrl":"https:\/\/jobhunter-eu.com\/rs\/wp-content\/uploads\/2022\/05\/logo2.png","width":1242,"height":383,"caption":"Dmytro | Agencija za zapo\u0161ljavanje stranih radnika"},"image":{"@id":"https:\/\/jobhunter-eu.com\/rs\/#\/schema\/logo\/image\/"}}]}},"_links":{"self":[{"href":"https:\/\/jobhunter-eu.com\/rs\/wp-json\/wp\/v2\/pages\/706","targetHints":{"allow":["GET"]}}],"collection":[{"href":"https:\/\/jobhunter-eu.com\/rs\/wp-json\/wp\/v2\/pages"}],"about":[{"href":"https:\/\/jobhunter-eu.com\/rs\/wp-json\/wp\/v2\/types\/page"}],"author":[{"embeddable":true,"href":"https:\/\/jobhunter-eu.com\/rs\/wp-json\/wp\/v2\/users\/3"}],"replies":[{"embeddable":true,"href":"https:\/\/jobhunter-eu.com\/rs\/wp-json\/wp\/v2\/comments?post=706"}],"version-history":[{"count":4,"href":"https:\/\/jobhunter-eu.com\/rs\/wp-json\/wp\/v2\/pages\/706\/revisions"}],"predecessor-version":[{"id":735,"href":"https:\/\/jobhunter-eu.com\/rs\/wp-json\/wp\/v2\/pages\/706\/revisions\/735"}],"wp:attachment":[{"href":"https:\/\/jobhunter-eu.com\/rs\/wp-json\/wp\/v2\/media?parent=706"}],"curies":[{"name":"wp","href":"https:\/\/api.w.org\/{rel}","templated":true}]}}