{"id":1131,"date":"2023-05-09T08:23:36","date_gmt":"2023-05-09T08:23:36","guid":{"rendered":"https:\/\/jobhunter.hr\/?page_id=1131"},"modified":"2023-05-09T09:40:15","modified_gmt":"2023-05-09T09:40:15","slug":"politika-privatnosti","status":"publish","type":"page","link":"https:\/\/jobhunter-eu.com\/rs\/politika-privatnosti\/","title":{"rendered":"Politika privatnosti"},"content":{"rendered":"\t\t<div data-elementor-type=\"wp-page\" data-elementor-id=\"1131\" class=\"elementor elementor-1131\">\n\t\t\t\t\t\t<section class=\"elementor-section elementor-top-section elementor-element elementor-element-706638bc elementor-section-height-min-height elementor-section-boxed elementor-section-height-default elementor-section-items-middle\" data-id=\"706638bc\" data-element_type=\"section\" data-settings=\"{&quot;background_background&quot;:&quot;gradient&quot;}\">\n\t\t\t\t\t\t<div class=\"elementor-container elementor-column-gap-default\">\n\t\t\t\t\t<div class=\"elementor-column elementor-col-50 elementor-top-column elementor-element elementor-element-2224470a\" data-id=\"2224470a\" data-element_type=\"column\">\n\t\t\t<div class=\"elementor-widget-wrap elementor-element-populated\">\n\t\t\t\t\t\t<div class=\"elementor-element elementor-element-12a55438 elementor-widget elementor-widget-text-editor\" data-id=\"12a55438\" data-element_type=\"widget\" data-widget_type=\"text-editor.default\">\n\t\t\t\t<div class=\"elementor-widget-container\">\n\t\t\t<style>\/*! elementor - v3.23.0 - 05-08-2024 *\/\n.elementor-widget-text-editor.elementor-drop-cap-view-stacked .elementor-drop-cap{background-color:#69727d;color:#fff}.elementor-widget-text-editor.elementor-drop-cap-view-framed .elementor-drop-cap{color:#69727d;border:3px solid;background-color:transparent}.elementor-widget-text-editor:not(.elementor-drop-cap-view-default) .elementor-drop-cap{margin-top:8px}.elementor-widget-text-editor:not(.elementor-drop-cap-view-default) .elementor-drop-cap-letter{width:1em;height:1em}.elementor-widget-text-editor .elementor-drop-cap{float:left;text-align:center;line-height:1;font-size:50px}.elementor-widget-text-editor .elementor-drop-cap-letter{display:inline-block}<\/style>\t\t\t\t<p><a href=\"https:\/\/jobhunter-eu.com\/rs\/\">Home<\/a> \/ Politika privatnosti<\/p>\t\t\t\t\t\t<\/div>\n\t\t\t\t<\/div>\n\t\t\t\t<div class=\"elementor-element elementor-element-5b87057f elementor-widget elementor-widget-heading\" data-id=\"5b87057f\" data-element_type=\"widget\" data-widget_type=\"heading.default\">\n\t\t\t\t<div class=\"elementor-widget-container\">\n\t\t\t<style>\/*! elementor - v3.23.0 - 05-08-2024 *\/\n.elementor-heading-title{padding:0;margin:0;line-height:1}.elementor-widget-heading .elementor-heading-title[class*=elementor-size-]>a{color:inherit;font-size:inherit;line-height:inherit}.elementor-widget-heading .elementor-heading-title.elementor-size-small{font-size:15px}.elementor-widget-heading .elementor-heading-title.elementor-size-medium{font-size:19px}.elementor-widget-heading .elementor-heading-title.elementor-size-large{font-size:29px}.elementor-widget-heading .elementor-heading-title.elementor-size-xl{font-size:39px}.elementor-widget-heading .elementor-heading-title.elementor-size-xxl{font-size:59px}<\/style><h1 class=\"elementor-heading-title elementor-size-default\">Politika privatnosti<\/h1>\t\t<\/div>\n\t\t\t\t<\/div>\n\t\t\t\t\t<\/div>\n\t\t<\/div>\n\t\t\t\t<div class=\"elementor-column elementor-col-50 elementor-top-column elementor-element elementor-element-53eb7bc0 elementor-hidden-phone\" data-id=\"53eb7bc0\" data-element_type=\"column\" data-settings=\"{&quot;background_background&quot;:&quot;classic&quot;}\">\n\t\t\t<div class=\"elementor-widget-wrap elementor-element-populated\">\n\t\t\t\t\t\t<div class=\"elementor-element elementor-element-30e78d62 animated-slow elementor-invisible elementor-widget elementor-widget-image\" data-id=\"30e78d62\" data-element_type=\"widget\" data-settings=\"{&quot;_animation&quot;:&quot;fadeInRight&quot;}\" data-widget_type=\"image.default\">\n\t\t\t\t<div class=\"elementor-widget-container\">\n\t\t\t<style>\/*! elementor - v3.23.0 - 05-08-2024 *\/\n.elementor-widget-image{text-align:center}.elementor-widget-image a{display:inline-block}.elementor-widget-image a img[src$=\".svg\"]{width:48px}.elementor-widget-image img{vertical-align:middle;display:inline-block}<\/style>\t\t\t\t\t\t\t\t\t\t<img fetchpriority=\"high\" decoding=\"async\" width=\"1600\" height=\"1067\" src=\"https:\/\/jobhunter-eu.com\/rs\/wp-content\/uploads\/2022\/04\/collaboration-and-analysis-by-business-people-work-2021-04-02-21-56-44-utc.jpg\" class=\"attachment-full size-full wp-image-34\" alt=\"\" srcset=\"https:\/\/jobhunter-eu.com\/rs\/wp-content\/uploads\/2022\/04\/collaboration-and-analysis-by-business-people-work-2021-04-02-21-56-44-utc.jpg 1600w, https:\/\/jobhunter-eu.com\/rs\/wp-content\/uploads\/2022\/04\/collaboration-and-analysis-by-business-people-work-2021-04-02-21-56-44-utc-300x200.jpg 300w, https:\/\/jobhunter-eu.com\/rs\/wp-content\/uploads\/2022\/04\/collaboration-and-analysis-by-business-people-work-2021-04-02-21-56-44-utc-1024x683.jpg 1024w, https:\/\/jobhunter-eu.com\/rs\/wp-content\/uploads\/2022\/04\/collaboration-and-analysis-by-business-people-work-2021-04-02-21-56-44-utc-768x512.jpg 768w, https:\/\/jobhunter-eu.com\/rs\/wp-content\/uploads\/2022\/04\/collaboration-and-analysis-by-business-people-work-2021-04-02-21-56-44-utc-1536x1024.jpg 1536w\" sizes=\"(max-width: 1600px) 100vw, 1600px\" \/>\t\t\t\t\t\t\t\t\t\t\t\t\t<\/div>\n\t\t\t\t<\/div>\n\t\t\t\t<section class=\"elementor-section elementor-inner-section elementor-element elementor-element-30453c0e elementor-section-boxed elementor-section-height-default elementor-section-height-default elementor-invisible\" data-id=\"30453c0e\" data-element_type=\"section\" data-settings=\"{&quot;animation&quot;:&quot;fadeInRight&quot;}\">\n\t\t\t\t\t\t<div class=\"elementor-container elementor-column-gap-no\">\n\t\t\t\t\t<div class=\"elementor-column elementor-col-100 elementor-inner-column elementor-element elementor-element-60667973\" data-id=\"60667973\" data-element_type=\"column\" data-settings=\"{&quot;background_background&quot;:&quot;classic&quot;}\">\n\t\t\t<div class=\"elementor-widget-wrap elementor-element-populated\">\n\t\t\t\t\t\t<div class=\"elementor-element elementor-element-389d8dea elementor-widget elementor-widget-spacer\" data-id=\"389d8dea\" data-element_type=\"widget\" data-widget_type=\"spacer.default\">\n\t\t\t\t<div class=\"elementor-widget-container\">\n\t\t\t<style>\/*! elementor - v3.23.0 - 05-08-2024 *\/\n.elementor-column .elementor-spacer-inner{height:var(--spacer-size)}.e-con{--container-widget-width:100%}.e-con-inner>.elementor-widget-spacer,.e-con>.elementor-widget-spacer{width:var(--container-widget-width,var(--spacer-size));--align-self:var(--container-widget-align-self,initial);--flex-shrink:0}.e-con-inner>.elementor-widget-spacer>.elementor-widget-container,.e-con>.elementor-widget-spacer>.elementor-widget-container{height:100%;width:100%}.e-con-inner>.elementor-widget-spacer>.elementor-widget-container>.elementor-spacer,.e-con>.elementor-widget-spacer>.elementor-widget-container>.elementor-spacer{height:100%}.e-con-inner>.elementor-widget-spacer>.elementor-widget-container>.elementor-spacer>.elementor-spacer-inner,.e-con>.elementor-widget-spacer>.elementor-widget-container>.elementor-spacer>.elementor-spacer-inner{height:var(--container-widget-height,var(--spacer-size))}.e-con-inner>.elementor-widget-spacer.elementor-widget-empty,.e-con>.elementor-widget-spacer.elementor-widget-empty{position:relative;min-height:22px;min-width:22px}.e-con-inner>.elementor-widget-spacer.elementor-widget-empty .elementor-widget-empty-icon,.e-con>.elementor-widget-spacer.elementor-widget-empty .elementor-widget-empty-icon{position:absolute;top:0;bottom:0;left:0;right:0;margin:auto;padding:0;width:22px;height:22px}<\/style>\t\t<div class=\"elementor-spacer\">\n\t\t\t<div class=\"elementor-spacer-inner\"><\/div>\n\t\t<\/div>\n\t\t\t\t<\/div>\n\t\t\t\t<\/div>\n\t\t\t\t\t<\/div>\n\t\t<\/div>\n\t\t\t\t\t<\/div>\n\t\t<\/section>\n\t\t\t\t\t<\/div>\n\t\t<\/div>\n\t\t\t\t\t<\/div>\n\t\t<\/section>\n\t\t\t\t<section class=\"elementor-section elementor-top-section elementor-element elementor-element-1f15cdce elementor-section-boxed elementor-section-height-default elementor-section-height-default\" data-id=\"1f15cdce\" data-element_type=\"section\">\n\t\t\t\t\t\t<div class=\"elementor-container elementor-column-gap-default\">\n\t\t\t\t\t<div class=\"elementor-column elementor-col-100 elementor-top-column elementor-element elementor-element-262572e7 animated-slow elementor-invisible\" data-id=\"262572e7\" data-element_type=\"column\" data-settings=\"{&quot;animation&quot;:&quot;fadeInUp&quot;,&quot;animation_delay&quot;:400}\">\n\t\t\t<div class=\"elementor-widget-wrap elementor-element-populated\">\n\t\t\t\t\t\t<div class=\"elementor-element elementor-element-36cd5390 elementor-widget elementor-widget-text-editor\" data-id=\"36cd5390\" data-element_type=\"widget\" data-widget_type=\"text-editor.default\">\n\t\t\t\t<div class=\"elementor-widget-container\">\n\t\t\t\t\t\t\t<p>Politika privatnosti za tvrtku Jobhunter d.o.o.\u00a0<\/p><ol><li>Op\u0107enito<\/li><\/ol><p>Tvrtka Jobhunter d.o.o. (dalje u tekstu &#8220;mi&#8221;, &#8220;na\u0161a tvrtka&#8221; ili &#8220;Jobhunter&#8221;) po\u0161tuje va\u0161u privatnost i obvezuje se na za\u0161titu va\u0161ih osobnih podataka u skladu sa zakonodavstvom Republike Hrvatske o za\u0161titi osobnih podataka. Ova politika privatnosti opisuje na\u010dine na koje prikupljamo, koristimo, obra\u0111ujemo i \u0161titimo va\u0161e osobne podatke.<\/p><ol start=\"2\"><li>Vrste osobnih podataka koje prikupljamo<\/li><\/ol><p>Pri prijavi na na\u0161u web stranicu, tra\u017eimo od vas odre\u0111ene osobne podatke kako bismo vam mogli pru\u017eiti na\u0161e usluge. To mogu uklju\u010divati:<\/p><ul><li><strong>Va\u0161e ime i prezime<\/strong><\/li><li><strong>Kontakt informacije, uklju\u010duju\u0107i va\u0161u adresu e-po\u0161te i telefonski broj<\/strong><\/li><li><strong>Podaci o va\u0161em obrazovanju, kvalifikacijama i iskustvu<\/strong><\/li><li><strong>Podaci o va\u0161em radnom iskustvu<\/strong><\/li><li><strong>Podaci o va\u0161oj trenutnoj zaposlenosti, uklju\u010duju\u0107i va\u0161u trenutnu pla\u0107u i uvjete zaposlenja<\/strong><\/li><li><strong>Va\u0161 \u017eivotopis i motivacijsko pismo<\/strong><\/li><li><strong>Podaci o va\u0161em dr\u017eavljanstvu i boravi\u0161tu<\/strong><\/li><li><strong>Podaci o va\u0161em zdravstvenom stanju, ukoliko se odnose na zahtjeve poslodavca ili vize<\/strong><br \/><br \/><\/li><\/ul><p>Osim toga, prikupljamo podatke o va\u0161oj upotrebi na\u0161e web stranice, uklju\u010duju\u0107i va\u0161u IP adresu, vrstu preglednika, podatke o va\u0161em ra\u010dunalu, kao i informacije o stranicama koje ste posjetili prije i nakon posjeta na\u0161oj web stranici.<\/p><ol start=\"3\"><li>Na\u010dini prikupljanja osobnih podataka<\/li><\/ol><p>Osobni podaci prikupljaju se izravno od vas tijekom procesa prijave na na\u0161oj web stranici, kao i tijekom bilo kojeg naknadnog interakcije s na\u0161im tvrtkom. Tako\u0111er, mo\u017eemo prikupljati va\u0161e osobne podatke iz drugih izvora, kao \u0161to su javne baze podataka, dru\u0161tvene mre\u017ee i drugi online izvori.<\/p><ol start=\"4\"><li>Svrha prikupljanja osobnih podataka<\/li><\/ol><p>Prikupljamo va\u0161e osobne podatke kako bismo vam mogli pru\u017eiti usluge agencije za posredovanje prilikom zapo\u0161ljavanja stranih radnika u Republici Hrvatskoj. Va\u0161i podaci \u0107e biti kori\u0161teni kako bi vas kontaktirali u vezi s mogu\u0107nostima zaposlenja i pru\u017eili vam savjete i podr\u0161ku tijekom procesa zapo\u0161ljavanja. Va\u0161i podaci mogu biti dijeljeni i anonimizirani u statisti\u010dke svrhe i kako bismo pobolj\u0161ali na\u0161e usluge.<\/p><p>Tako\u0111er, va\u0161i osobni podaci mogu biti obra\u0111ivani u svrhu ispunjavanja na\u0161ih zakonskih obveza, kao \u0161to su porezne obveze, za\u0161tita prava tvrtke u okviru sudskih postupaka te spre\u010davanje prijevara.<\/p><ol start=\"5\"><li>Pristup i dijeljenje osobnih podataka<\/li><\/ol><p>Va\u0161i osobni podaci bit \u0107e dostupni samo djelatnicima tvrtke Jobhunter d.o.o. i na\u0161im partnerima koji su uklju\u010deni u proces posredovanja prilikom zapo\u0161ljavanja stranih radnika u Republici Hrvatskoj. Ne\u0107emo dijeliti va\u0161e osobne podatke s tre\u0107im stranama bez va\u0161eg prethodnog pristanka, osim ako to zahtijevaju zakonske obveze.<\/p><ol start=\"6\"><li>Sigurnost osobnih podataka<\/li><\/ol><p>Va\u0161i osobni podaci bit \u0107e pohranjeni na siguran na\u010din i za\u0161ti\u0107eni protiv neovla\u0161tenog pristupa, otkrivanja ili zlouporabe. Primjenjujemo razne tehni\u010dke i organizacijske mjere za za\u0161titu va\u0161ih osobnih podataka, uklju\u010duju\u0107i pristup samo ovla\u0161tenim osobama, sigurnu pohranu na\u0161ih servera i kori\u0161tenje \u0161ifriranja podataka.<\/p><ol start=\"7\"><li>Vrijeme pohrane osobnih podataka<\/li><\/ol><p>Va\u0161i osobni podaci bit \u0107e pohranjeni samo onoliko koliko je potrebno za ostvarenje svrhe za koju su prikupljeni, osim ako zakon ne propisuje dulje razdoblje pohrane.<\/p><ol start=\"8\"><li>Va\u0161a prava u vezi s osobnim podacima<\/li><\/ol><p>U skladu s va\u017ee\u0107im zakonskim propisima, imate pravo zatra\u017eiti pristup, ispravak ili brisanje va\u0161ih osobnih podataka, ograni\u010denje obrade, prigovor na obradu ili prijenos va\u0161ih podataka drugom pru\u017eatelju usluga. Ako \u017eelite ostvariti neko od ovih prava, molimo vas da nas kontaktirate putem adrese e-po\u0161te navedene na na\u0161oj web stranici.<\/p><ol start=\"9\"><li>Kontakt<\/li><\/ol><p>Ako imate bilo kakvih pitanja u vezi s na\u0161om politikom privatnosti ili obradom va\u0161ih osobnih podataka, molimo vas da nas kontaktirate putem adrese e-po\u0161te navedene na na\u0161oj web stranici.<\/p><ol start=\"10\"><li>Izmjene politike privatnosti<\/li><\/ol><p>Pridr\u017eavamo si pravo izmjene ove politike privatnosti u bilo kojem trenutku i bez prethodne obavijesti. Stoga vas molimo da povremeno provjeravate ovu stranicu kako biste bili upoznati s eventualnim promjenama.<\/p><ol start=\"11\"><li>Kola\u010di\u0107i<\/li><\/ol><p>Na\u0161a web stranica mo\u017ee koristiti kola\u010di\u0107e (cookies) za pra\u0107enje aktivnosti korisnika i pobolj\u0161anje na\u0161ih usluga. Kola\u010di\u0107i su male tekstualne datoteke koje se pohranjuju na va\u0161em ure\u0111aju i omogu\u0107uju nam bolje razumijevanje va\u0161ih interesa i preferencija. Mo\u017eete upravljati postavkama kola\u010di\u0107a u va\u0161em pregledniku ili odbiti kori\u0161tenje kola\u010di\u0107a, ali imajte na umu da to mo\u017ee utjecati na funkcionalnost na\u0161e web stranice.<\/p><ol start=\"12\"><li>Poveznice na druge web stranice<\/li><\/ol><p>Na\u0161a web stranica mo\u017ee sadr\u017eavati poveznice na druge web stranice koje nisu pod na\u0161om kontrolom. Ne odgovaramo za za\u0161titu privatnosti i sigurnost podataka na tim web stranicama te vas poti\u010demo da pa\u017eljivo pro\u010ditate politike privatnosti svake web stranice koju posjetite.<\/p><ol start=\"13\"><li>Pristanak<\/li><\/ol><p>Kori\u0161tenjem na\u0161e web stranice i davanjem svojih osobnih podataka putem kontakt forme, e-po\u0161te ili telefona, dajete svoj pristanak na prikupljanje, obradu i kori\u0161tenje va\u0161ih osobnih podataka u skladu s ovom politikom privatnosti.<\/p><p>Hvala vam \u0161to ste odabrali Jobhunter d.o.o. kao svoju agenciju za posredovanje prilikom zapo\u0161ljavanja stranih radnika u Republici Hrvatskoj. Uvijek smo tu za vas ako imate bilo kakvih pitanja.<\/p>\t\t\t\t\t\t<\/div>\n\t\t\t\t<\/div>\n\t\t\t\t\t<\/div>\n\t\t<\/div>\n\t\t\t\t\t<\/div>\n\t\t<\/section>\n\t\t\t\t<\/div>\n\t\t","protected":false},"excerpt":{"rendered":"<p>Home \/ Politika privatnosti Politika privatnosti Politika privatnosti za tvrtku Jobhunter d.o.o.\u00a0 Op\u0107enito Tvrtka Jobhunter d.o.o. (dalje u tekstu &#8220;mi&#8221;, &#8220;na\u0161a tvrtka&#8221; ili &#8220;Jobhunter&#8221;) po\u0161tuje va\u0161u privatnost i obvezuje se na za\u0161titu va\u0161ih osobnih podataka u skladu sa zakonodavstvom Republike Hrvatske o za\u0161titi osobnih podataka. Ova politika privatnosti opisuje na\u010dine na koje prikupljamo, koristimo, obra\u0111ujemo [&hellip;]<\/p>\n","protected":false},"author":3,"featured_media":0,"parent":0,"menu_order":0,"comment_status":"closed","ping_status":"closed","template":"elementor_header_footer","meta":{"footnotes":""},"class_list":["post-1131","page","type-page","status-publish","hentry"],"yoast_head":"<!-- This site is optimized with the Yoast SEO plugin v27.4 - https:\/\/yoast.com\/product\/yoast-seo-wordpress\/ -->\n<title>Politika privatnosti - Job Hunter<\/title>\n<meta name=\"robots\" content=\"index, follow, max-snippet:-1, max-image-preview:large, max-video-preview:-1\" \/>\n<link rel=\"canonical\" href=\"https:\/\/jobhunter-eu.com\/rs\/politika-privatnosti\/\" \/>\n<meta property=\"og:locale\" content=\"hr_HR\" \/>\n<meta property=\"og:type\" content=\"article\" \/>\n<meta property=\"og:title\" content=\"Politika privatnosti - Job Hunter\" \/>\n<meta property=\"og:description\" content=\"Home \/ Politika privatnosti Politika privatnosti Politika privatnosti za tvrtku Jobhunter d.o.o.\u00a0 Op\u0107enito Tvrtka Jobhunter d.o.o. (dalje u tekstu &#8220;mi&#8221;, &#8220;na\u0161a tvrtka&#8221; ili &#8220;Jobhunter&#8221;) po\u0161tuje va\u0161u privatnost i obvezuje se na za\u0161titu va\u0161ih osobnih podataka u skladu sa zakonodavstvom Republike Hrvatske o za\u0161titi osobnih podataka. Ova politika privatnosti opisuje na\u010dine na koje prikupljamo, koristimo, obra\u0111ujemo [&hellip;]\" \/>\n<meta property=\"og:url\" content=\"https:\/\/jobhunter-eu.com\/rs\/politika-privatnosti\/\" \/>\n<meta property=\"og:site_name\" content=\"Job Hunter\" \/>\n<meta property=\"article:modified_time\" content=\"2023-05-09T09:40:15+00:00\" \/>\n<meta property=\"og:image\" content=\"https:\/\/jobhunter-eu.com\/rs\/wp-content\/uploads\/2022\/04\/collaboration-and-analysis-by-business-people-work-2021-04-02-21-56-44-utc.jpg\" \/>\n<meta name=\"twitter:card\" content=\"summary_large_image\" \/>\n<meta name=\"twitter:label1\" content=\"Procijenjeno vrijeme \u010ditanja\" \/>\n\t<meta name=\"twitter:data1\" content=\"4 minute\" \/>\n<script type=\"application\/ld+json\" class=\"yoast-schema-graph\">{\"@context\":\"https:\\\/\\\/schema.org\",\"@graph\":[{\"@type\":\"WebPage\",\"@id\":\"https:\\\/\\\/jobhunter-eu.com\\\/rs\\\/politika-privatnosti\\\/\",\"url\":\"https:\\\/\\\/jobhunter-eu.com\\\/rs\\\/politika-privatnosti\\\/\",\"name\":\"Politika privatnosti - Job Hunter\",\"isPartOf\":{\"@id\":\"https:\\\/\\\/jobhunter-eu.com\\\/rs\\\/#website\"},\"primaryImageOfPage\":{\"@id\":\"https:\\\/\\\/jobhunter-eu.com\\\/rs\\\/politika-privatnosti\\\/#primaryimage\"},\"image\":{\"@id\":\"https:\\\/\\\/jobhunter-eu.com\\\/rs\\\/politika-privatnosti\\\/#primaryimage\"},\"thumbnailUrl\":\"https:\\\/\\\/jobhunter-eu.com\\\/rs\\\/wp-content\\\/uploads\\\/2022\\\/04\\\/collaboration-and-analysis-by-business-people-work-2021-04-02-21-56-44-utc.jpg\",\"datePublished\":\"2023-05-09T08:23:36+00:00\",\"dateModified\":\"2023-05-09T09:40:15+00:00\",\"breadcrumb\":{\"@id\":\"https:\\\/\\\/jobhunter-eu.com\\\/rs\\\/politika-privatnosti\\\/#breadcrumb\"},\"inLanguage\":\"hr\",\"potentialAction\":[{\"@type\":\"ReadAction\",\"target\":[\"https:\\\/\\\/jobhunter-eu.com\\\/rs\\\/politika-privatnosti\\\/\"]}]},{\"@type\":\"ImageObject\",\"inLanguage\":\"hr\",\"@id\":\"https:\\\/\\\/jobhunter-eu.com\\\/rs\\\/politika-privatnosti\\\/#primaryimage\",\"url\":\"https:\\\/\\\/jobhunter-eu.com\\\/rs\\\/wp-content\\\/uploads\\\/2022\\\/04\\\/collaboration-and-analysis-by-business-people-work-2021-04-02-21-56-44-utc.jpg\",\"contentUrl\":\"https:\\\/\\\/jobhunter-eu.com\\\/rs\\\/wp-content\\\/uploads\\\/2022\\\/04\\\/collaboration-and-analysis-by-business-people-work-2021-04-02-21-56-44-utc.jpg\",\"width\":1600,\"height\":1067},{\"@type\":\"BreadcrumbList\",\"@id\":\"https:\\\/\\\/jobhunter-eu.com\\\/rs\\\/politika-privatnosti\\\/#breadcrumb\",\"itemListElement\":[{\"@type\":\"ListItem\",\"position\":1,\"name\":\"Po\u010detna stranica\",\"item\":\"https:\\\/\\\/jobhunter-eu.com\\\/rs\\\/\"},{\"@type\":\"ListItem\",\"position\":2,\"name\":\"Politika privatnosti\"}]},{\"@type\":\"WebSite\",\"@id\":\"https:\\\/\\\/jobhunter-eu.com\\\/rs\\\/#website\",\"url\":\"https:\\\/\\\/jobhunter-eu.com\\\/rs\\\/\",\"name\":\"Job Hunter\",\"description\":\"\u0417\u0430\u043f\u043e\u0448\u0459\u0430\u0432\u0430\u045a\u0435 \u0441\u0442\u0440\u0430\u043d\u0438\u0445 \u0440\u0430\u0434\u043d\u0438\u043a\u0430\",\"publisher\":{\"@id\":\"https:\\\/\\\/jobhunter-eu.com\\\/rs\\\/#organization\"},\"potentialAction\":[{\"@type\":\"SearchAction\",\"target\":{\"@type\":\"EntryPoint\",\"urlTemplate\":\"https:\\\/\\\/jobhunter-eu.com\\\/rs\\\/?s={search_term_string}\"},\"query-input\":{\"@type\":\"PropertyValueSpecification\",\"valueRequired\":true,\"valueName\":\"search_term_string\"}}],\"inLanguage\":\"hr\"},{\"@type\":\"Organization\",\"@id\":\"https:\\\/\\\/jobhunter-eu.com\\\/rs\\\/#organization\",\"name\":\"Dmytro | Agencija za zapo\u0161ljavanje stranih radnika\",\"url\":\"https:\\\/\\\/jobhunter-eu.com\\\/rs\\\/\",\"logo\":{\"@type\":\"ImageObject\",\"inLanguage\":\"hr\",\"@id\":\"https:\\\/\\\/jobhunter-eu.com\\\/rs\\\/#\\\/schema\\\/logo\\\/image\\\/\",\"url\":\"https:\\\/\\\/jobhunter-eu.com\\\/rs\\\/wp-content\\\/uploads\\\/2022\\\/05\\\/logo2.png\",\"contentUrl\":\"https:\\\/\\\/jobhunter-eu.com\\\/rs\\\/wp-content\\\/uploads\\\/2022\\\/05\\\/logo2.png\",\"width\":1242,\"height\":383,\"caption\":\"Dmytro | Agencija za zapo\u0161ljavanje stranih radnika\"},\"image\":{\"@id\":\"https:\\\/\\\/jobhunter-eu.com\\\/rs\\\/#\\\/schema\\\/logo\\\/image\\\/\"}}]}<\/script>\n<!-- \/ Yoast SEO plugin. -->","yoast_head_json":{"title":"Politika privatnosti - Job Hunter","robots":{"index":"index","follow":"follow","max-snippet":"max-snippet:-1","max-image-preview":"max-image-preview:large","max-video-preview":"max-video-preview:-1"},"canonical":"https:\/\/jobhunter-eu.com\/rs\/politika-privatnosti\/","og_locale":"hr_HR","og_type":"article","og_title":"Politika privatnosti - Job Hunter","og_description":"Home \/ Politika privatnosti Politika privatnosti Politika privatnosti za tvrtku Jobhunter d.o.o.\u00a0 Op\u0107enito Tvrtka Jobhunter d.o.o. (dalje u tekstu &#8220;mi&#8221;, &#8220;na\u0161a tvrtka&#8221; ili &#8220;Jobhunter&#8221;) po\u0161tuje va\u0161u privatnost i obvezuje se na za\u0161titu va\u0161ih osobnih podataka u skladu sa zakonodavstvom Republike Hrvatske o za\u0161titi osobnih podataka. Ova politika privatnosti opisuje na\u010dine na koje prikupljamo, koristimo, obra\u0111ujemo [&hellip;]","og_url":"https:\/\/jobhunter-eu.com\/rs\/politika-privatnosti\/","og_site_name":"Job Hunter","article_modified_time":"2023-05-09T09:40:15+00:00","og_image":[{"url":"https:\/\/jobhunter-eu.com\/rs\/wp-content\/uploads\/2022\/04\/collaboration-and-analysis-by-business-people-work-2021-04-02-21-56-44-utc.jpg","type":"","width":"","height":""}],"twitter_card":"summary_large_image","twitter_misc":{"Procijenjeno vrijeme \u010ditanja":"4 minute"},"schema":{"@context":"https:\/\/schema.org","@graph":[{"@type":"WebPage","@id":"https:\/\/jobhunter-eu.com\/rs\/politika-privatnosti\/","url":"https:\/\/jobhunter-eu.com\/rs\/politika-privatnosti\/","name":"Politika privatnosti - Job Hunter","isPartOf":{"@id":"https:\/\/jobhunter-eu.com\/rs\/#website"},"primaryImageOfPage":{"@id":"https:\/\/jobhunter-eu.com\/rs\/politika-privatnosti\/#primaryimage"},"image":{"@id":"https:\/\/jobhunter-eu.com\/rs\/politika-privatnosti\/#primaryimage"},"thumbnailUrl":"https:\/\/jobhunter-eu.com\/rs\/wp-content\/uploads\/2022\/04\/collaboration-and-analysis-by-business-people-work-2021-04-02-21-56-44-utc.jpg","datePublished":"2023-05-09T08:23:36+00:00","dateModified":"2023-05-09T09:40:15+00:00","breadcrumb":{"@id":"https:\/\/jobhunter-eu.com\/rs\/politika-privatnosti\/#breadcrumb"},"inLanguage":"hr","potentialAction":[{"@type":"ReadAction","target":["https:\/\/jobhunter-eu.com\/rs\/politika-privatnosti\/"]}]},{"@type":"ImageObject","inLanguage":"hr","@id":"https:\/\/jobhunter-eu.com\/rs\/politika-privatnosti\/#primaryimage","url":"https:\/\/jobhunter-eu.com\/rs\/wp-content\/uploads\/2022\/04\/collaboration-and-analysis-by-business-people-work-2021-04-02-21-56-44-utc.jpg","contentUrl":"https:\/\/jobhunter-eu.com\/rs\/wp-content\/uploads\/2022\/04\/collaboration-and-analysis-by-business-people-work-2021-04-02-21-56-44-utc.jpg","width":1600,"height":1067},{"@type":"BreadcrumbList","@id":"https:\/\/jobhunter-eu.com\/rs\/politika-privatnosti\/#breadcrumb","itemListElement":[{"@type":"ListItem","position":1,"name":"Po\u010detna stranica","item":"https:\/\/jobhunter-eu.com\/rs\/"},{"@type":"ListItem","position":2,"name":"Politika privatnosti"}]},{"@type":"WebSite","@id":"https:\/\/jobhunter-eu.com\/rs\/#website","url":"https:\/\/jobhunter-eu.com\/rs\/","name":"Job Hunter","description":"\u0417\u0430\u043f\u043e\u0448\u0459\u0430\u0432\u0430\u045a\u0435 \u0441\u0442\u0440\u0430\u043d\u0438\u0445 \u0440\u0430\u0434\u043d\u0438\u043a\u0430","publisher":{"@id":"https:\/\/jobhunter-eu.com\/rs\/#organization"},"potentialAction":[{"@type":"SearchAction","target":{"@type":"EntryPoint","urlTemplate":"https:\/\/jobhunter-eu.com\/rs\/?s={search_term_string}"},"query-input":{"@type":"PropertyValueSpecification","valueRequired":true,"valueName":"search_term_string"}}],"inLanguage":"hr"},{"@type":"Organization","@id":"https:\/\/jobhunter-eu.com\/rs\/#organization","name":"Dmytro | Agencija za zapo\u0161ljavanje stranih radnika","url":"https:\/\/jobhunter-eu.com\/rs\/","logo":{"@type":"ImageObject","inLanguage":"hr","@id":"https:\/\/jobhunter-eu.com\/rs\/#\/schema\/logo\/image\/","url":"https:\/\/jobhunter-eu.com\/rs\/wp-content\/uploads\/2022\/05\/logo2.png","contentUrl":"https:\/\/jobhunter-eu.com\/rs\/wp-content\/uploads\/2022\/05\/logo2.png","width":1242,"height":383,"caption":"Dmytro | Agencija za zapo\u0161ljavanje stranih radnika"},"image":{"@id":"https:\/\/jobhunter-eu.com\/rs\/#\/schema\/logo\/image\/"}}]}},"_links":{"self":[{"href":"https:\/\/jobhunter-eu.com\/rs\/wp-json\/wp\/v2\/pages\/1131","targetHints":{"allow":["GET"]}}],"collection":[{"href":"https:\/\/jobhunter-eu.com\/rs\/wp-json\/wp\/v2\/pages"}],"about":[{"href":"https:\/\/jobhunter-eu.com\/rs\/wp-json\/wp\/v2\/types\/page"}],"author":[{"embeddable":true,"href":"https:\/\/jobhunter-eu.com\/rs\/wp-json\/wp\/v2\/users\/3"}],"replies":[{"embeddable":true,"href":"https:\/\/jobhunter-eu.com\/rs\/wp-json\/wp\/v2\/comments?post=1131"}],"version-history":[{"count":10,"href":"https:\/\/jobhunter-eu.com\/rs\/wp-json\/wp\/v2\/pages\/1131\/revisions"}],"predecessor-version":[{"id":1148,"href":"https:\/\/jobhunter-eu.com\/rs\/wp-json\/wp\/v2\/pages\/1131\/revisions\/1148"}],"wp:attachment":[{"href":"https:\/\/jobhunter-eu.com\/rs\/wp-json\/wp\/v2\/media?parent=1131"}],"curies":[{"name":"wp","href":"https:\/\/api.w.org\/{rel}","templated":true}]}}